{"id":87,"date":"2020-01-25T19:12:39","date_gmt":"2020-01-25T22:12:39","guid":{"rendered":"http:\/\/sonidocreativo.com.ar\/wp\/?page_id=87"},"modified":"2022-02-21T17:29:30","modified_gmt":"2022-02-21T20:29:30","slug":"clase-de-produccion-musical","status":"publish","type":"page","link":"https:\/\/sonidocreativo.com.ar\/wp\/clase-de-produccion-musical\/","title":{"rendered":"Clases de Producci\u00f3n Musical"},"content":{"rendered":"<p style=\"text-align: left;\"><span style=\"font-family: verdana, geneva, sans-serif; font-size: 14pt;\">Clases personalizadas en formato <strong>individual<\/strong> o <strong>grupal<\/strong> de una hora de duraci\u00f3n semanal.\u00a0<\/span><\/p>\n<p style=\"text-align: left;\"><span style=\"font-family: verdana, geneva, sans-serif; font-size: 14pt;\">Nuestras clases de producci\u00f3n musical, se adaptan a cada necesidad espec\u00edfica, orientadas a docentes de m\u00fasica, djs y m\u00fasicos en general que tienen como inter\u00e9s desarrollar las posibilidades que brindan las herramientas actuales de grabaci\u00f3n digital (audio \/midi) y de escritura musical tanto en un \u00e1mbito amateur como profesional.<\/span><\/p>\n<p><span style=\"font-size: 14pt;\"><span style=\"font-family: verdana, geneva, sans-serif; text-align: left; color: #333333;\">Para mas informaci\u00f3n\u00a0 env\u00edanos un mensaje haciendo click <\/span><strong style=\"font-family: verdana, geneva, sans-serif; text-align: left; color: #333333;\"><a href=\"https:\/\/sonidocreativo.com.ar\/wp\/contacto\/\">aqu\u00ed<\/a><\/strong><span style=\"font-family: verdana, geneva, sans-serif; text-align: left; color: #333333;\">.<\/span><\/span><\/p>\n","protected":false},"excerpt":{"rendered":"<p>Clases personalizadas en formato individual o grupal de una hora de duraci\u00f3n semanal.\u00a0 Nuestras clases de producci\u00f3n musical, se adaptan [&hellip;]<\/p>\n","protected":false},"author":1,"featured_media":88,"parent":0,"menu_order":0,"comment_status":"closed","ping_status":"closed","template":"","meta":{"footnotes":""},"class_list":["post-87","page","type-page","status-publish","has-post-thumbnail","hentry"],"_links":{"self":[{"href":"https:\/\/sonidocreativo.com.ar\/wp\/wp-json\/wp\/v2\/pages\/87","targetHints":{"allow":["GET"]}}],"collection":[{"href":"https:\/\/sonidocreativo.com.ar\/wp\/wp-json\/wp\/v2\/pages"}],"about":[{"href":"https:\/\/sonidocreativo.com.ar\/wp\/wp-json\/wp\/v2\/types\/page"}],"author":[{"embeddable":true,"href":"https:\/\/sonidocreativo.com.ar\/wp\/wp-json\/wp\/v2\/users\/1"}],"replies":[{"embeddable":true,"href":"https:\/\/sonidocreativo.com.ar\/wp\/wp-json\/wp\/v2\/comments?post=87"}],"version-history":[{"count":10,"href":"https:\/\/sonidocreativo.com.ar\/wp\/wp-json\/wp\/v2\/pages\/87\/revisions"}],"predecessor-version":[{"id":536,"href":"https:\/\/sonidocreativo.com.ar\/wp\/wp-json\/wp\/v2\/pages\/87\/revisions\/536"}],"wp:featuredmedia":[{"embeddable":true,"href":"https:\/\/sonidocreativo.com.ar\/wp\/wp-json\/wp\/v2\/media\/88"}],"wp:attachment":[{"href":"https:\/\/sonidocreativo.com.ar\/wp\/wp-json\/wp\/v2\/media?parent=87"}],"curies":[{"name":"wp","href":"https:\/\/api.w.org\/{rel}","templated":true}]}}